{"id":5682,"date":"2025-08-25T12:20:24","date_gmt":"2025-08-25T10:20:24","guid":{"rendered":"https:\/\/green-tech.be\/onze-windprojecten\/"},"modified":"2026-02-24T14:44:44","modified_gmt":"2026-02-24T13:44:44","slug":"onze-windprojecten","status":"publish","type":"page","link":"https:\/\/green-tech.be\/nl\/onze-windprojecten\/","title":{"rendered":"Onze windprojecten"},"content":{"rendered":"\t\t<div data-elementor-type=\"wp-page\" data-elementor-id=\"5682\" class=\"elementor elementor-5682 elementor-879\" data-elementor-post-type=\"page\">\n\t\t\t\t<div class=\"elementor-element elementor-element-5d4fb38e e-con-full e-flex e-con e-parent\" data-id=\"5d4fb38e\" data-element_type=\"container\" data-settings=\"{&quot;background_background&quot;:&quot;classic&quot;}\">\n\t\t<div class=\"elementor-element elementor-element-63d8ec0a e-con-full e-flex e-con e-child\" data-id=\"63d8ec0a\" data-element_type=\"container\" data-settings=\"{&quot;background_background&quot;:&quot;classic&quot;}\">\n\t\t<div class=\"elementor-element elementor-element-6b18f503 e-con-full e-flex e-con e-child\" data-id=\"6b18f503\" data-element_type=\"container\">\n\t\t\t\t<div class=\"elementor-element elementor-element-246c5673 elementor-widget__width-initial elementor-widget-mobile__width-inherit elementor-widget elementor-widget-heading\" data-id=\"246c5673\" data-element_type=\"widget\" data-widget_type=\"heading.default\">\n\t\t\t\t\t<h2 class=\"elementor-heading-title elementor-size-default\">Green-Tech:\nDe alliantie die zich inzet voor<br>lokale energievoorziening van burgers.<\/h2>\t\t\t\t<\/div>\n\t\t\t\t<div class=\"elementor-element elementor-element-3dcb4a81 elementor-widget elementor-widget-spacer\" data-id=\"3dcb4a81\" data-element_type=\"widget\" data-widget_type=\"spacer.default\">\n\t\t\t\t\t\t\t<div class=\"elementor-spacer\">\n\t\t\t<div class=\"elementor-spacer-inner\"><\/div>\n\t\t<\/div>\n\t\t\t\t\t\t<\/div>\n\t\t\t\t<\/div>\n\t\t\t\t<\/div>\n\t\t\t\t<\/div>\n\t\t<div class=\"elementor-element elementor-element-6f09d268 e-con-full e-flex e-con e-parent\" data-id=\"6f09d268\" data-element_type=\"container\" data-settings=\"{&quot;background_background&quot;:&quot;classic&quot;}\">\n\t\t<div class=\"elementor-element elementor-element-3b5f4767 e-con-full elementor-hidden-tablet elementor-hidden-mobile e-flex e-con e-child\" data-id=\"3b5f4767\" data-element_type=\"container\">\n\t\t\t\t<div class=\"elementor-element elementor-element-38de1320 elementor-absolute elementor-widget elementor-widget-image\" data-id=\"38de1320\" data-element_type=\"widget\" data-settings=\"{&quot;_position&quot;:&quot;absolute&quot;}\" data-widget_type=\"image.default\">\n\t\t\t\t\t\t\t\t\t\t\t\t\t\t\t<img fetchpriority=\"high\" decoding=\"async\" width=\"585\" height=\"896\" src=\"https:\/\/green-tech.be\/wp-content\/uploads\/2025\/09\/eolienne-chantier.jpg\" class=\"attachment-large size-large wp-image-5661\" alt=\"\" srcset=\"https:\/\/green-tech.be\/wp-content\/uploads\/2025\/09\/eolienne-chantier.jpg 585w, https:\/\/green-tech.be\/wp-content\/uploads\/2025\/09\/eolienne-chantier-196x300.jpg 196w\" sizes=\"(max-width: 585px) 100vw, 585px\" \/>\t\t\t\t\t\t\t\t\t\t\t\t\t\t\t<\/div>\n\t\t\t\t<\/div>\n\t\t<div class=\"elementor-element elementor-element-163c579f e-con-full e-flex e-con e-child\" data-id=\"163c579f\" data-element_type=\"container\">\n\t\t<div class=\"elementor-element elementor-element-bb1424a e-con-full e-flex e-con e-child\" data-id=\"bb1424a\" data-element_type=\"container\">\n\t\t\t\t<div class=\"elementor-element elementor-element-7c7be1c7 elementor-widget__width-initial elementor-widget elementor-widget-heading\" data-id=\"7c7be1c7\" data-element_type=\"widget\" data-widget_type=\"heading.default\">\n\t\t\t\t\t<h2 class=\"elementor-heading-title elementor-size-default\">De winden van Damr\u00e9 en Sprim\u00e9ole <\/h2>\t\t\t\t<\/div>\n\t\t\t\t<div class=\"elementor-element elementor-element-7948017f elementor-widget__width-initial elementor-widget-mobile__width-inherit elementor-widget elementor-widget-text-editor\" data-id=\"7948017f\" data-element_type=\"widget\" data-widget_type=\"text-editor.default\">\n\t\t\t\t\t\t\t\t\t<p>In samenwerking met het bedrijf Green Tech Wind kreeg Ventis een vergunning voor de plaatsing van vijf windturbines langs de snelweg. <\/p><p>De montage van de windturbines werd medio februari 2025 afgerond. De renovatie is momenteel gaande. <\/p><p>Na maanden van voorbereiding is de samenwerking tussen de co\u00f6peratie Sprim\u00e9ole en Les Vents de Damr\u00e9 nu officieel: op 3 december 2024 werd de offici\u00eble overeenkomst ondertekend, een beslissende stap voorwaarts ten dienste van de burgers en de lokale energie. <\/p>\t\t\t\t\t\t\t\t<\/div>\n\t\t\t\t<div class=\"elementor-element elementor-element-1672e91 elementor-widget elementor-widget-button\" data-id=\"1672e91\" data-element_type=\"widget\" data-widget_type=\"button.default\">\n\t\t\t\t\t\t\t\t\t\t<a class=\"elementor-button elementor-button-link elementor-size-sm\" href=\"https:\/\/ventis.eu\/wp-content\/uploads\/2024\/12\/CP-Final-Adhesion-Sprimeole-parc-eolien-LVDD.pdf\" rel=\"nofollow\">\n\t\t\t\t\t\t<span class=\"elementor-button-content-wrapper\">\n\t\t\t\t\t\t<span class=\"elementor-button-icon\">\n\t\t\t\t<svg aria-hidden=\"true\" class=\"e-font-icon-svg e-far-file-pdf\" viewBox=\"0 0 384 512\" xmlns=\"http:\/\/www.w3.org\/2000\/svg\"><path d=\"M369.9 97.9L286 14C277 5 264.8-.1 252.1-.1H48C21.5 0 0 21.5 0 48v416c0 26.5 21.5 48 48 48h288c26.5 0 48-21.5 48-48V131.9c0-12.7-5.1-25-14.1-34zM332.1 128H256V51.9l76.1 76.1zM48 464V48h160v104c0 13.3 10.7 24 24 24h104v288H48zm250.2-143.7c-12.2-12-47-8.7-64.4-6.5-17.2-10.5-28.7-25-36.8-46.3 3.9-16.1 10.1-40.6 5.4-56-4.2-26.2-37.8-23.6-42.6-5.9-4.4 16.1-.4 38.5 7 67.1-10 23.9-24.9 56-35.4 74.4-20 10.3-47 26.2-51 46.2-3.3 15.8 26 55.2 76.1-31.2 22.4-7.4 46.8-16.5 68.4-20.1 18.9 10.2 41 17 55.8 17 25.5 0 28-28.2 17.5-38.7zm-198.1 77.8c5.1-13.7 24.5-29.5 30.4-35-19 30.3-30.4 35.7-30.4 35zm81.6-190.6c7.4 0 6.7 32.1 1.8 40.8-4.4-13.9-4.3-40.8-1.8-40.8zm-24.4 136.6c9.7-16.9 18-37 24.7-54.7 8.3 15.1 18.9 27.2 30.1 35.5-20.8 4.3-38.9 13.1-54.8 19.2zm131.6-5s-5 6-37.3-7.8c35.1-2.6 40.9 5.4 37.3 7.8z\"><\/path><\/svg>\t\t\t<\/span>\n\t\t\t\t\t\t\t\t\t<span class=\"elementor-button-text\">Persbericht<\/span>\n\t\t\t\t\t<\/span>\n\t\t\t\t\t<\/a>\n\t\t\t\t\t\t\t\t<\/div>\n\t\t\t\t<div class=\"elementor-element elementor-element-efd183b elementor-widget__width-initial elementor-widget elementor-widget-heading\" data-id=\"efd183b\" data-element_type=\"widget\" data-widget_type=\"heading.default\">\n\t\t\t\t\t<h2 class=\"elementor-heading-title elementor-size-default\">Een gedeelde visie voor een groenere toekomst<\/h2>\t\t\t\t<\/div>\n\t\t\t\t<div class=\"elementor-element elementor-element-2ea8c16 elementor-widget__width-initial elementor-widget-mobile__width-inherit elementor-widget elementor-widget-text-editor\" data-id=\"2ea8c16\" data-element_type=\"widget\" data-widget_type=\"text-editor.default\">\n\t\t\t\t\t\t\t\t\t<p>Door burgers bij dit project te betrekken, maakt de co\u00f6peratie Sprim\u00e9ole, via Sprimocoop, haar ambitie waar: duurzame projecten ontwikkelen ten behoeve van de gemeenschappen van Sprimont en Aywaille. Naast het bijdragen aan de productie van schone, lokale energie, streeft ze ernaar economische, ecologische en maatschappelijke voordelen te genereren voor haar leden en de omgeving. Deze samenwerking tussen Les Vents de Damr\u00e9 en Sprim\u00e9ole weerspiegelt een visie van solidariteit en inclusie, waarbij elk lid van de gemeenschap actief kan bijdragen aan een duurzamere energietoekomst.  <\/p>\t\t\t\t\t\t\t\t<\/div>\n\t\t\t\t<\/div>\n\t\t<div class=\"elementor-element elementor-element-7c7d9c9 e-con-full e-flex e-con e-child\" data-id=\"7c7d9c9\" data-element_type=\"container\">\n\t\t<div class=\"elementor-element elementor-element-d71d709 e-con-full e-flex e-con e-child\" data-id=\"d71d709\" data-element_type=\"container\">\n\t\t\t\t<div class=\"elementor-element elementor-element-96eaf46 elementor-widget elementor-widget-heading\" data-id=\"96eaf46\" data-element_type=\"widget\" data-widget_type=\"heading.default\">\n\t\t\t\t\t<h2 class=\"elementor-heading-title elementor-size-default\">Inbedrijfstelling: <\/h2>\t\t\t\t<\/div>\n\t\t\t\t<div class=\"elementor-element elementor-element-23249e5 elementor-widget elementor-widget-heading\" data-id=\"23249e5\" data-element_type=\"widget\" data-widget_type=\"heading.default\">\n\t\t\t\t\t<h2 class=\"elementor-heading-title elementor-size-default\">2025<\/h2>\t\t\t\t<\/div>\n\t\t\t\t<div class=\"elementor-element elementor-element-45f5c3b elementor-widget elementor-widget-heading\" data-id=\"45f5c3b\" data-element_type=\"widget\" data-widget_type=\"heading.default\">\n\t\t\t\t\t<h2 class=\"elementor-heading-title elementor-size-default\">\t\nGe\u00efnstalleerde windturbinemodellen:<\/h2>\t\t\t\t<\/div>\n\t\t\t\t<div class=\"elementor-element elementor-element-e1bb748 elementor-widget elementor-widget-heading\" data-id=\"e1bb748\" data-element_type=\"widget\" data-widget_type=\"heading.default\">\n\t\t\t\t\t<h2 class=\"elementor-heading-title elementor-size-default\">Nordex N131<\/h2>\t\t\t\t<\/div>\n\t\t\t\t<\/div>\n\t\t\t\t<div class=\"elementor-element elementor-element-d6e3b3b elementor-widget elementor-widget-spacer\" data-id=\"d6e3b3b\" data-element_type=\"widget\" data-widget_type=\"spacer.default\">\n\t\t\t\t\t\t\t<div class=\"elementor-spacer\">\n\t\t\t<div class=\"elementor-spacer-inner\"><\/div>\n\t\t<\/div>\n\t\t\t\t\t\t<\/div>\n\t\t<div class=\"elementor-element elementor-element-67afb74 e-con-full e-flex e-con e-child\" data-id=\"67afb74\" data-element_type=\"container\" data-settings=\"{&quot;background_background&quot;:&quot;classic&quot;}\">\n\t\t<div class=\"elementor-element elementor-element-5b99ca7 e-con-full e-flex e-con e-child\" data-id=\"5b99ca7\" data-element_type=\"container\">\n\t\t<div class=\"elementor-element elementor-element-52cbe72 e-con-full e-flex e-con e-child\" data-id=\"52cbe72\" data-element_type=\"container\" data-settings=\"{&quot;background_background&quot;:&quot;classic&quot;}\">\n\t\t<div class=\"elementor-element elementor-element-368c53a e-con-full e-flex e-con e-child\" data-id=\"368c53a\" data-element_type=\"container\">\n\t\t\t\t<div class=\"elementor-element elementor-element-5ba58f6 elementor-widget-mobile__width-inherit elementor-widget elementor-widget-image\" data-id=\"5ba58f6\" data-element_type=\"widget\" data-widget_type=\"image.default\">\n\t\t\t\t\t\t\t\t\t\t\t\t\t\t\t<img decoding=\"async\" width=\"120\" height=\"108\" src=\"https:\/\/green-tech.be\/wp-content\/uploads\/2025\/10\/Energie2x-8.png\" class=\"attachment-large size-large wp-image-5679\" alt=\"\" \/>\t\t\t\t\t\t\t\t\t\t\t\t\t\t\t<\/div>\n\t\t\t\t<\/div>\n\t\t<div class=\"elementor-element elementor-element-c093ab9 e-con-full e-flex e-con e-child\" data-id=\"c093ab9\" data-element_type=\"container\">\n\t\t\t\t<div class=\"elementor-element elementor-element-f6637ce elementor-widget elementor-widget-heading\" data-id=\"f6637ce\" data-element_type=\"widget\" data-widget_type=\"heading.default\">\n\t\t\t\t\t<h2 class=\"elementor-heading-title elementor-size-default\">MW aan vermogen<\/h2>\t\t\t\t<\/div>\n\t\t\t\t<div class=\"elementor-element elementor-element-527b108 elementor-widget elementor-widget-heading\" data-id=\"527b108\" data-element_type=\"widget\" data-widget_type=\"heading.default\">\n\t\t\t\t\t<h2 class=\"elementor-heading-title elementor-size-default\">Gegevens worden berekend<\/h2>\t\t\t\t<\/div>\n\t\t\t\t<\/div>\n\t\t\t\t<\/div>\n\t\t\t\t<div class=\"elementor-element elementor-element-13ffc6d elementor-widget elementor-widget-spacer\" data-id=\"13ffc6d\" data-element_type=\"widget\" data-widget_type=\"spacer.default\">\n\t\t\t\t\t\t\t<div class=\"elementor-spacer\">\n\t\t\t<div class=\"elementor-spacer-inner\"><\/div>\n\t\t<\/div>\n\t\t\t\t\t\t<\/div>\n\t\t<div class=\"elementor-element elementor-element-f8b548f e-con-full e-flex e-con e-child\" data-id=\"f8b548f\" data-element_type=\"container\" data-settings=\"{&quot;background_background&quot;:&quot;classic&quot;}\">\n\t\t<div class=\"elementor-element elementor-element-0bf47e1 e-con-full e-flex e-con e-child\" data-id=\"0bf47e1\" data-element_type=\"container\">\n\t\t\t\t<div class=\"elementor-element elementor-element-cc9f2c7 elementor-widget-mobile__width-inherit elementor-widget elementor-widget-image\" data-id=\"cc9f2c7\" data-element_type=\"widget\" data-widget_type=\"image.default\">\n\t\t\t\t\t\t\t\t\t\t\t\t\t\t\t<img decoding=\"async\" width=\"96\" height=\"120\" src=\"https:\/\/green-tech.be\/wp-content\/uploads\/2025\/10\/Eoliene2x-8.png\" class=\"attachment-large size-large wp-image-5680\" alt=\"\" \/>\t\t\t\t\t\t\t\t\t\t\t\t\t\t\t<\/div>\n\t\t\t\t<\/div>\n\t\t<div class=\"elementor-element elementor-element-6180934 e-con-full e-flex e-con e-child\" data-id=\"6180934\" data-element_type=\"container\">\n\t\t\t\t<div class=\"elementor-element elementor-element-3fcd132 elementor-widget__width-initial elementor-widget elementor-widget-heading\" data-id=\"3fcd132\" data-element_type=\"widget\" data-widget_type=\"heading.default\">\n\t\t\t\t\t<h2 class=\"elementor-heading-title elementor-size-default\">5<\/h2>\t\t\t\t<\/div>\n\t\t\t\t<div class=\"elementor-element elementor-element-f4c3c55 elementor-widget elementor-widget-heading\" data-id=\"f4c3c55\" data-element_type=\"widget\" data-widget_type=\"heading.default\">\n\t\t\t\t\t<h2 class=\"elementor-heading-title elementor-size-default\">windturbines<\/h2>\t\t\t\t<\/div>\n\t\t\t\t<\/div>\n\t\t\t\t<\/div>\n\t\t\t\t<div class=\"elementor-element elementor-element-43fd902 elementor-widget elementor-widget-spacer\" data-id=\"43fd902\" data-element_type=\"widget\" data-widget_type=\"spacer.default\">\n\t\t\t\t\t\t\t<div class=\"elementor-spacer\">\n\t\t\t<div class=\"elementor-spacer-inner\"><\/div>\n\t\t<\/div>\n\t\t\t\t\t\t<\/div>\n\t\t<div class=\"elementor-element elementor-element-ec7c12e e-con-full e-flex e-con e-child\" data-id=\"ec7c12e\" data-element_type=\"container\" data-settings=\"{&quot;background_background&quot;:&quot;classic&quot;}\">\n\t\t<div class=\"elementor-element elementor-element-add39e5 e-con-full e-flex e-con e-child\" data-id=\"add39e5\" data-element_type=\"container\">\n\t\t\t\t<div class=\"elementor-element elementor-element-ecf79b5 elementor-widget-mobile__width-inherit elementor-widget elementor-widget-image\" data-id=\"ecf79b5\" data-element_type=\"widget\" data-widget_type=\"image.default\">\n\t\t\t\t\t\t\t\t\t\t\t\t\t\t\t<img loading=\"lazy\" decoding=\"async\" width=\"120\" height=\"116\" src=\"https:\/\/green-tech.be\/wp-content\/uploads\/2025\/10\/Maison2x-8.png\" class=\"attachment-large size-large wp-image-5681\" alt=\"\" \/>\t\t\t\t\t\t\t\t\t\t\t\t\t\t\t<\/div>\n\t\t\t\t<\/div>\n\t\t<div class=\"elementor-element elementor-element-24d5b0f e-con-full e-flex e-con e-child\" data-id=\"24d5b0f\" data-element_type=\"container\">\n\t\t\t\t<div class=\"elementor-element elementor-element-8ea85e7 elementor-widget elementor-widget-heading\" data-id=\"8ea85e7\" data-element_type=\"widget\" data-widget_type=\"heading.default\">\n\t\t\t\t\t<h2 class=\"elementor-heading-title elementor-size-default\">Huishoudens<\/h2>\t\t\t\t<\/div>\n\t\t\t\t<div class=\"elementor-element elementor-element-9228cb3 elementor-widget elementor-widget-heading\" data-id=\"9228cb3\" data-element_type=\"widget\" data-widget_type=\"heading.default\">\n\t\t\t\t\t<h2 class=\"elementor-heading-title elementor-size-default\">Gegevens worden berekend<\/h2>\t\t\t\t<\/div>\n\t\t\t\t<\/div>\n\t\t\t\t<\/div>\n\t\t\t\t<\/div>\n\t\t\t\t<\/div>\n\t\t\t\t<\/div>\n\t\t\t\t<\/div>\n\t\t\t\t<\/div>\n\t\t<div class=\"elementor-element elementor-element-375ee81f e-con-full e-flex e-con e-parent\" data-id=\"375ee81f\" data-element_type=\"container\" data-settings=\"{&quot;background_background&quot;:&quot;classic&quot;}\">\n\t\t\t\t<div class=\"elementor-element elementor-element-28dc2526 elementor-widget elementor-widget-image\" data-id=\"28dc2526\" data-element_type=\"widget\" data-widget_type=\"image.default\">\n\t\t\t\t\t\t\t\t\t\t\t\t\t\t\t<img loading=\"lazy\" decoding=\"async\" width=\"800\" height=\"450\" src=\"https:\/\/green-tech.be\/wp-content\/uploads\/2025\/09\/IMG-Darme-25-1024x576.jpg\" class=\"attachment-large size-large wp-image-5663\" alt=\"\" srcset=\"https:\/\/green-tech.be\/wp-content\/uploads\/2025\/09\/IMG-Darme-25-1024x576.jpg 1024w, https:\/\/green-tech.be\/wp-content\/uploads\/2025\/09\/IMG-Darme-25-300x169.jpg 300w, https:\/\/green-tech.be\/wp-content\/uploads\/2025\/09\/IMG-Darme-25-768x432.jpg 768w, https:\/\/green-tech.be\/wp-content\/uploads\/2025\/09\/IMG-Darme-25-1536x864.jpg 1536w, https:\/\/green-tech.be\/wp-content\/uploads\/2025\/09\/IMG-Darme-25-600x338.jpg 600w, https:\/\/green-tech.be\/wp-content\/uploads\/2025\/09\/IMG-Darme-25.jpg 1920w\" sizes=\"(max-width: 800px) 100vw, 800px\" \/>\t\t\t\t\t\t\t\t\t\t\t\t\t\t\t<\/div>\n\t\t\t\t<div class=\"elementor-element elementor-element-5544982 elementor-absolute elementor-widget elementor-widget-image\" data-id=\"5544982\" data-element_type=\"widget\" data-settings=\"{&quot;_position&quot;:&quot;absolute&quot;,&quot;motion_fx_motion_fx_scrolling&quot;:&quot;yes&quot;,&quot;motion_fx_devices&quot;:[&quot;desktop&quot;,&quot;tablet&quot;,&quot;mobile&quot;]}\" data-widget_type=\"image.default\">\n\t\t\t\t\t\t\t\t\t\t\t\t\t\t\t<img loading=\"lazy\" decoding=\"async\" width=\"800\" height=\"533\" src=\"https:\/\/green-tech.be\/wp-content\/uploads\/2025\/09\/eolienne-1024x682.jpg\" class=\"attachment-large size-large wp-image-5664\" alt=\"\" srcset=\"https:\/\/green-tech.be\/wp-content\/uploads\/2025\/09\/eolienne-1024x682.jpg 1024w, https:\/\/green-tech.be\/wp-content\/uploads\/2025\/09\/eolienne-300x200.jpg 300w, https:\/\/green-tech.be\/wp-content\/uploads\/2025\/09\/eolienne-768x512.jpg 768w, https:\/\/green-tech.be\/wp-content\/uploads\/2025\/09\/eolienne-1536x1023.jpg 1536w, https:\/\/green-tech.be\/wp-content\/uploads\/2025\/09\/eolienne-600x400.jpg 600w, https:\/\/green-tech.be\/wp-content\/uploads\/2025\/09\/eolienne.jpg 1920w\" sizes=\"(max-width: 800px) 100vw, 800px\" \/>\t\t\t\t\t\t\t\t\t\t\t\t\t\t\t<\/div>\n\t\t\t\t<\/div>\n\t\t\t\t<\/div>\n\t\t","protected":false},"excerpt":{"rendered":"<p>Green-Tech: De alliantie die zich inzet voorlokale energievoorziening van burgers. De winden van Damr\u00e9 en Sprim\u00e9ole In samenwerking met het bedrijf Green Tech Wind kreeg Ventis een vergunning voor de plaatsing van vijf windturbines langs de snelweg. De montage van de windturbines werd medio februari 2025 afgerond. De renovatie is momenteel gaande. Na maanden van [&hellip;]<\/p>\n","protected":false},"author":1,"featured_media":0,"parent":0,"menu_order":0,"comment_status":"closed","ping_status":"closed","template":"elementor_header_footer","meta":{"footnotes":""},"class_list":["post-5682","page","type-page","status-publish","hentry"],"_links":{"self":[{"href":"https:\/\/green-tech.be\/nl\/wp-json\/wp\/v2\/pages\/5682","targetHints":{"allow":["GET"]}}],"collection":[{"href":"https:\/\/green-tech.be\/nl\/wp-json\/wp\/v2\/pages"}],"about":[{"href":"https:\/\/green-tech.be\/nl\/wp-json\/wp\/v2\/types\/page"}],"author":[{"embeddable":true,"href":"https:\/\/green-tech.be\/nl\/wp-json\/wp\/v2\/users\/1"}],"replies":[{"embeddable":true,"href":"https:\/\/green-tech.be\/nl\/wp-json\/wp\/v2\/comments?post=5682"}],"version-history":[{"count":11,"href":"https:\/\/green-tech.be\/nl\/wp-json\/wp\/v2\/pages\/5682\/revisions"}],"predecessor-version":[{"id":6687,"href":"https:\/\/green-tech.be\/nl\/wp-json\/wp\/v2\/pages\/5682\/revisions\/6687"}],"wp:attachment":[{"href":"https:\/\/green-tech.be\/nl\/wp-json\/wp\/v2\/media?parent=5682"}],"curies":[{"name":"wp","href":"https:\/\/api.w.org\/{rel}","templated":true}]}}